{"id":7323,"date":"2020-02-03T15:27:53","date_gmt":"2020-02-03T15:27:53","guid":{"rendered":"https:\/\/womeninalegalworld.com\/sello-women-in-a-legal-event\/"},"modified":"2024-12-10T00:10:00","modified_gmt":"2024-12-10T00:10:00","slug":"sello-women-in-a-legal-event","status":"publish","type":"page","link":"https:\/\/womeninalegalworld.com\/en\/sello-women-in-a-legal-event\/","title":{"rendered":"Sello \u201cWomen in a Legal Event\u201d"},"content":{"rendered":"<p><strong>Compromiso por la visibilidad de la mujer en eventos jur\u00eddicos <img fetchpriority=\"high\" decoding=\"async\" class=\"wp-image-2084 alignright\" src=\"https:\/\/womeninalegalworld.com\/wp-content\/uploads\/2020\/02\/Sello-Circular-conferenciantes-300x281.png\" alt=\"\" width=\"284\" height=\"265\" srcset=\"https:\/\/womeninalegalworld.com\/wp-content\/uploads\/2020\/02\/Sello-Circular-conferenciantes-300x281.png 300w, https:\/\/womeninalegalworld.com\/wp-content\/uploads\/2020\/02\/Sello-Circular-conferenciantes-1024x959.png 1024w, https:\/\/womeninalegalworld.com\/wp-content\/uploads\/2020\/02\/Sello-Circular-conferenciantes-768x720.png 768w, https:\/\/womeninalegalworld.com\/wp-content\/uploads\/2020\/02\/Sello-Circular-conferenciantes-1080x1012.png 1080w, https:\/\/womeninalegalworld.com\/wp-content\/uploads\/2020\/02\/Sello-Circular-conferenciantes-980x918.png 980w, https:\/\/womeninalegalworld.com\/wp-content\/uploads\/2020\/02\/Sello-Circular-conferenciantes-480x450.png 480w, https:\/\/womeninalegalworld.com\/wp-content\/uploads\/2020\/02\/Sello-Circular-conferenciantes.png 1253w\" sizes=\"(max-width: 284px) 100vw, 284px\" \/><\/strong><\/p>\n<p>Como iniciativa englobada dentro de nuestro <em>Manifiesto por la igualdad en el sector legal,<\/em> Women in a Legal World, WLW, lanza el <strong>Sello de compromiso por la visibilidad de la mujer en los eventos jur\u00eddicos<\/strong>, Sello \u201c<strong>Women in a Legal Event<\/strong>\u201d.<\/p>\n<p><strong>El Sello tiene como objetivo que los organizadores y\/o patrocinadores incrementen en un 20%<\/strong> con respecto a su edici\u00f3n anterior, la participaci\u00f3n de profesionales mujeres como conferenciantes (ponentes\/oradoras) y que no se limiten a un simple papel de moderadora y\/o presentadora del evento. De esta forma, conseguiremos que eventos jur\u00eddicos que se celebran en Espa\u00f1a sean paritarios en participaci\u00f3n de hombres y mujeres para llegar al 50% de participaci\u00f3n de mujeres expertas.<\/p>\n<p>Obtener el Sello \u201c<strong>Women in a Legal Event<\/strong>\u201d supondr\u00e1 una marca de excelencia que conseguir\u00e1, por un lado, destacar las buenas pr\u00e1cticas de empresas, instituciones, colectivos, despachos y dem\u00e1s actores del sector como organizadores y\/o patrocinadores de eventos jur\u00eddicos y, por otro, generar un impacto en la sociedad para que se tomen en mayor consideraci\u00f3n las opiniones de mujeres expertas en el sector jur\u00eddico.<\/p>\n<p>El uso del Sello exige un compromiso por parte del organizador y\/o patrocinador que deber\u00eda hacerle progresar a\u00f1o a a\u00f1o y culminar con un\u00a0 50% de presencia femenina.<\/p>\n<p><u>\u00bfEn qu\u00e9 consiste esta iniciativa?<\/u><\/p>\n<p>Los organizadores y\/o patrocinadores que se adhieran a esta iniciativa, se <strong>COMPROMETEN<\/strong> a:<\/p>\n<ol>\n<li>Visibilizar a las mujeres expertas de temas legales en sus eventos, conferencias, paneles y debates como ponentes\/oradoras <strong>incrementando su participaci\u00f3n en un 20%<\/strong> con respecto al a\u00f1o anterior y no limitar su presencia a moderadora y\/o presentadora del evento.<\/li>\n<li>Evitar los paneles donde s\u00f3lo participen expertos varones.<\/li>\n<li>Realizar otras acciones positivas encaminadas a conseguir esa mayor visibilidad de la mujer en eventos jur\u00eddicos, como animar a las mujeres de nuestro entorno -con especial hincapi\u00e9 en las generaciones m\u00e1s j\u00f3venes &#8211; a participar en eventos, conferencias, paneles y debates como ponentes\/oradoras, incluso a trav\u00e9s de acciones de formaci\u00f3n para ello.<\/li>\n<li>Animar a otros organizadores\/patrocinadores a unirse a esta iniciativa.<\/li>\n<\/ol>\n<p><u>\u00bfQui\u00e9n puede adherirse al Sello y c\u00f3mo?<\/u><\/p>\n<p>Podr\u00e1 adherirse al <strong>Compromiso por la visibilidad de la mujer en los eventos jur\u00eddicos, para obtener el Sello \u201cWomen in a Legal Event\u201d, <\/strong>cualquier organizador y\/o patrocinador de un evento jur\u00eddico organizado en Espa\u00f1a, esto es, empresas privadas, escuelas de negocios, universidades, asociaciones, fundaciones, colegios profesionales y dem\u00e1s organizaciones de car\u00e1cter p\u00fablico o privado as\u00ed como organismos p\u00fablicos.<\/p>\n<p>Ser\u00e1 independiente el formato del evento y duraci\u00f3n del evento.<\/p>\n<p>Los organizadores y\/o patrocinadores que lo deseen se pueden adherir a la iniciativa directamente\u00a0 suscribiendo directamente este <a href=\"mailto:sellowlw@womeninalegalworld.com\" target=\"_blank\" rel=\"noopener noreferrer\"><strong>Compromiso aqu\u00ed<\/strong><\/a>.<\/p>\n<p>WLW proceder\u00e1 a enviar el Sello \u201c<strong>Women in a Legal Event<\/strong>\u201d por correo electr\u00f3nico en un formato digital para que se pueda incluir en los programas del evento, p\u00e1gina web, RRSS, etc.<\/p>\n<p>El Sello \u201c<strong>Women in a Legal Event<\/strong>\u201d se podr\u00e1 entregar, a petici\u00f3n del\u00a0 organizador y\/o patrocinador del evento, de forma p\u00fablica al inicio del mismo para su publicidad. \u00a0El Sello en formato digital deber\u00e1 llevar un enlace a la p\u00e1gina web de WLW, <a href=\"http:\/\/www.womeninalegalworld.com\">www.womeninalegalworld.com<\/a> .<\/p>\n<p>El otorgamiento del Sello \u201c<strong>Women in a Legal Event<\/strong>\u201d implica el compromiso del organizador o patrocinador de aportar los programas de los eventos, conferencias, paneles y debates que organicen y\/o patrocinen para elaborar las estad\u00edsticas de participaci\u00f3n de mujeres, as\u00ed como a incluir el logotipo del Sello \u201c<strong>Women in a Legal Event<\/strong>\u201d en los programas de los eventos, p\u00e1ginas web, RRSS, prensa, y en aquellos documentos que consideren oportuno. Tambi\u00e9n har\u00e1 lo posible por mencionar esta iniciativa en el propio evento.<\/p>\n<p><u>\u00bfQu\u00e9 ventajas aporta para los organizadores y\/o patrocinadores?<\/u><\/p>\n<p>El Sello \u201c<strong>Women in a Legal Event<\/strong>\u201d se podr\u00e1 usar durante un a\u00f1o natural, renov\u00e1ndolo al a\u00f1o siguiente a trav\u00e9s de un Cuestionario de Evaluaci\u00f3n en el que pueda acreditar que ha incrementado en un 20% la presencia de mujeres como ponentes con respecto al a\u00f1o anterior, hasta llegar al objetivo del 50\/50. El cuestionario ser\u00e1 examinado por WLW y se podr\u00e1 acordar renovar el uso del Sello \u201c<strong>Women in a Legal Event<\/strong>\u201d.<\/p>\n<p>Al concebirse como un Sello de excelencia, los organizadores y\/o patrocinadores del evento jur\u00eddico consiguen una serie de ventajas como el reconocimiento social al mejorar su imagen socialmente por promover la igualdad entre hombres y mujeres, adem\u00e1s de contar con mayor diversidad de opiniones expertas en sus eventos.<\/p>\n<p>Adem\u00e1s, desde WLW, nos comprometemos a :<\/p>\n<ul>\n<li>Poner a disposici\u00f3n de los organizadores y\/o patrocinadores una base de datos de mujeres expertas, por especialidad, (con independencia de que sean socias o no de WLW), para la b\u00fasqueda de posibles ponentes\/oradoras para sus eventos.<\/li>\n<li>Dar difusi\u00f3n a los eventos con Sello \u201c<strong>Women in a Legal Event<\/strong>\u201d a trav\u00e9s de nuestras RRSS.<\/li>\n<li>Colaborar en las distintas acciones de comunicaci\u00f3n que los organizadores y\/o patrocinadores del evento quieran realizar para dar difusi\u00f3n al mismo.<\/li>\n<li>Publicaci\u00f3n en la p\u00e1gina web de WLW <a href=\"http:\/\/www.womeninalegalworld.com\">www.womeninalegalworld.com<\/a> de todos los eventos que han obtenido el Sello, creando una <strong>Red de Eventos con Sello \u201cWomen in a Legal Event\u201d.<\/strong><\/li>\n<\/ul>\n<p>Cada a\u00f1o, se otorgar\u00e1 el Sello de Oro \u201c<strong>Women in a Legal Event<\/strong>\u201d\u00a0 y el Sello de Plata \u201c<strong>Women in a Legal Event<\/strong>\u201d\u00a0 a los dos eventos jur\u00eddicos que hayan contado con m\u00e1s porcentaje de mujeres conferenciantes.<\/p>\n<p>M\u00e1s Info Mail a: <a href=\"mailto:sellowlw@womeninalegalworld.com\">sellowlw@womeninalegalworld.com<\/a><\/p>\n<p>&nbsp;<\/p>\n<p><strong>\u00bfQuieres ser ponente en alg\u00fan evento jur\u00eddico? Inscr\u00edbete en nuestra BASE DE DATOS DE MUJERES CONFERENCIANTES para que los organizadores y\/o patrocinadores de los eventos puedan contactar contigo.\u00a0<\/strong><\/p>\n<p><strong>Esta iniciativa no est\u00e1 restringida a socias de WLW, por lo que puedes animar a otras mujeres a inscribirse. <\/strong><\/p>\n<p><strong>Si est\u00e1s interesada en formar parte de esta base de datos de mujeres conferenciantes, env\u00eda un email a <\/strong><a href=\"mailto:sellowlw@womeninalegalworld.com\">sellowlw@womeninalegalworld.com<\/a><strong> con los siguientes datos:\u00a0 <\/strong>Nombre; Apellidos; Trabajo actual; Especialidad: Breve Descripci\u00f3n de tu CV; Perfil de linkedin; Localizaci\u00f3n; Email de contacto.<\/p>\n<p>&nbsp;<\/p>\n<p><em>Women in a Legal World, como responsable del tratamiento, en adelante la Asociaci\u00f3n, con direcci\u00f3n en la calle Costa Rica 42, 5 C, 28016, Madrid, y datos de contacto <\/em><a href=\"mailto:WLW@womeninalegalworld.com\"><em>WLW@womeninalegalworld.com<\/em><\/a><em>, le informa de que <\/em><em>l<\/em><em>os datos de car\u00e1cter personal que nos proporcione ser\u00e1n tratados para la creaci\u00f3n y gesti\u00f3n de la base de datos de mujeres expertas conferenciantes. Este repertorio podr\u00e1 ser consultado por las empresas organizadoras de eventos jur\u00eddicos\u00a0 para contactar con las profesionales registradas. Asimismo, desde WLW podr\u00e1 utilizarse para promover el contacto entre las integrantes de este repertorio y realizar estad\u00edsticas sobre la participaci\u00f3n real de estas mujeres expertas en eventos. La base de legitimaci\u00f3n es el consentimiento de la interesada al proporcionar voluntariamente los datos y querer formar parte de este repertorio. Los datos se conservar\u00e1n mientras no se solicite su supresi\u00f3n. Desde la Asociaci\u00f3n, no est\u00e1 prevista la transferencia internacional de esos datos. Puede ejercitar sus derechos de acceso, rectificaci\u00f3n, supresi\u00f3n, portabilidad y limitaci\u00f3n u oposici\u00f3n dirigi\u00e9ndose por escrito a la direcci\u00f3n del responsable, indicando \u201cejercicio derechos protecci\u00f3n de datos\u201d y adjuntando copia de documento acreditativo de su identidad, as\u00ed como reclamar ante la Autoridad de Control (Agencia Espa\u00f1ola de Protecci\u00f3n de Datos: <\/em><a href=\"http:\/\/www.aepd.es\"><em>www.aepd.es<\/em><\/a><em>).<\/em><\/p>\n","protected":false},"excerpt":{"rendered":"<p>Compromiso por la visibilidad de la mujer en eventos jur\u00eddicos Como iniciativa englobada dentro de nuestro Manifiesto por la igualdad en el sector legal, Women in a Legal World, WLW, lanza el Sello de compromiso por la visibilidad de la mujer en los eventos jur\u00eddicos, Sello \u201cWomen in a Legal Event\u201d. El Sello tiene como [&hellip;]<\/p>\n","protected":false},"author":6,"featured_media":0,"parent":0,"menu_order":0,"comment_status":"closed","ping_status":"closed","template":"","meta":{"footnotes":""},"class_list":["post-7323","page","type-page","status-publish","hentry"],"yoast_head":"<!-- This site is optimized with the Yoast SEO Premium plugin v20.8 (Yoast SEO v24.0) - https:\/\/yoast.com\/wordpress\/plugins\/seo\/ -->\n<title>Sello \u201cWomen in a Legal Event\u201d - Women in a Legal World<\/title>\n<meta name=\"robots\" content=\"index, follow, max-snippet:-1, max-image-preview:large, max-video-preview:-1\" \/>\n<link rel=\"canonical\" href=\"https:\/\/womeninalegalworld.com\/en\/sello-women-in-a-legal-event\/\" \/>\n<meta property=\"og:locale\" content=\"en_US\" \/>\n<meta property=\"og:type\" content=\"article\" \/>\n<meta property=\"og:title\" content=\"Sello \u201cWomen in a Legal Event\u201d\" \/>\n<meta property=\"og:description\" content=\"Compromiso por la visibilidad de la mujer en eventos jur\u00eddicos Como iniciativa englobada dentro de nuestro Manifiesto por la igualdad en el sector legal, Women in a Legal World, WLW, lanza el Sello de compromiso por la visibilidad de la mujer en los eventos jur\u00eddicos, Sello \u201cWomen in a Legal Event\u201d. El Sello tiene como [&hellip;]\" \/>\n<meta property=\"og:url\" content=\"https:\/\/womeninalegalworld.com\/en\/sello-women-in-a-legal-event\/\" \/>\n<meta property=\"og:site_name\" content=\"Women in a Legal World\" \/>\n<meta property=\"article:modified_time\" content=\"2024-12-10T00:10:00+00:00\" \/>\n<meta property=\"og:image\" content=\"https:\/\/womeninalegalworld.com\/wp-content\/uploads\/2020\/02\/Sello-Circular-conferenciantes.png\" \/>\n\t<meta property=\"og:image:width\" content=\"1253\" \/>\n\t<meta property=\"og:image:height\" content=\"1174\" \/>\n\t<meta property=\"og:image:type\" content=\"image\/png\" \/>\n<meta name=\"twitter:card\" content=\"summary_large_image\" \/>\n<meta name=\"twitter:label1\" content=\"Est. reading time\" \/>\n\t<meta name=\"twitter:data1\" content=\"6 minutes\" \/>\n<script type=\"application\/ld+json\" class=\"yoast-schema-graph\">{\"@context\":\"https:\/\/schema.org\",\"@graph\":[{\"@type\":\"WebPage\",\"@id\":\"https:\/\/womeninalegalworld.com\/en\/sello-women-in-a-legal-event\/\",\"url\":\"https:\/\/womeninalegalworld.com\/en\/sello-women-in-a-legal-event\/\",\"name\":\"Sello \u201cWomen in a Legal Event\u201d - Women in a Legal World\",\"isPartOf\":{\"@id\":\"https:\/\/womeninalegalworld.com\/#website\"},\"primaryImageOfPage\":{\"@id\":\"https:\/\/womeninalegalworld.com\/en\/sello-women-in-a-legal-event\/#primaryimage\"},\"image\":{\"@id\":\"https:\/\/womeninalegalworld.com\/en\/sello-women-in-a-legal-event\/#primaryimage\"},\"thumbnailUrl\":\"https:\/\/womeninalegalworld.com\/wp-content\/uploads\/2020\/02\/Sello-Circular-conferenciantes-300x281.png\",\"datePublished\":\"2020-02-03T15:27:53+00:00\",\"dateModified\":\"2024-12-10T00:10:00+00:00\",\"breadcrumb\":{\"@id\":\"https:\/\/womeninalegalworld.com\/en\/sello-women-in-a-legal-event\/#breadcrumb\"},\"inLanguage\":\"en-US\",\"potentialAction\":[{\"@type\":\"ReadAction\",\"target\":[\"https:\/\/womeninalegalworld.com\/en\/sello-women-in-a-legal-event\/\"]}]},{\"@type\":\"ImageObject\",\"inLanguage\":\"en-US\",\"@id\":\"https:\/\/womeninalegalworld.com\/en\/sello-women-in-a-legal-event\/#primaryimage\",\"url\":\"https:\/\/womeninalegalworld.com\/wp-content\/uploads\/2020\/02\/Sello-Circular-conferenciantes-300x281.png\",\"contentUrl\":\"https:\/\/womeninalegalworld.com\/wp-content\/uploads\/2020\/02\/Sello-Circular-conferenciantes-300x281.png\"},{\"@type\":\"BreadcrumbList\",\"@id\":\"https:\/\/womeninalegalworld.com\/en\/sello-women-in-a-legal-event\/#breadcrumb\",\"itemListElement\":[{\"@type\":\"ListItem\",\"position\":1,\"name\":\"Portada\",\"item\":\"https:\/\/womeninalegalworld.com\/en\/\"},{\"@type\":\"ListItem\",\"position\":2,\"name\":\"Sello \u201cWomen in a Legal Event\u201d\"}]},{\"@type\":\"WebSite\",\"@id\":\"https:\/\/womeninalegalworld.com\/#website\",\"url\":\"https:\/\/womeninalegalworld.com\/\",\"name\":\"Women in a Legal World\",\"description\":\"Liderazgo femenino en el sector legal\",\"publisher\":{\"@id\":\"https:\/\/womeninalegalworld.com\/#organization\"},\"potentialAction\":[{\"@type\":\"SearchAction\",\"target\":{\"@type\":\"EntryPoint\",\"urlTemplate\":\"https:\/\/womeninalegalworld.com\/?s={search_term_string}\"},\"query-input\":{\"@type\":\"PropertyValueSpecification\",\"valueRequired\":true,\"valueName\":\"search_term_string\"}}],\"inLanguage\":\"en-US\"},{\"@type\":\"Organization\",\"@id\":\"https:\/\/womeninalegalworld.com\/#organization\",\"name\":\"Women in a Legal World\",\"url\":\"https:\/\/womeninalegalworld.com\/\",\"logo\":{\"@type\":\"ImageObject\",\"inLanguage\":\"en-US\",\"@id\":\"https:\/\/womeninalegalworld.com\/#\/schema\/logo\/image\/\",\"url\":\"https:\/\/womeninalegalworld.com\/wp-content\/uploads\/2024\/04\/PERFIL-WLW.jpg\",\"contentUrl\":\"https:\/\/womeninalegalworld.com\/wp-content\/uploads\/2024\/04\/PERFIL-WLW.jpg\",\"width\":1080,\"height\":1080,\"caption\":\"Women in a Legal World\"},\"image\":{\"@id\":\"https:\/\/womeninalegalworld.com\/#\/schema\/logo\/image\/\"}}]}<\/script>\n<!-- \/ Yoast SEO Premium plugin. -->","yoast_head_json":{"title":"Sello \u201cWomen in a Legal Event\u201d - Women in a Legal World","robots":{"index":"index","follow":"follow","max-snippet":"max-snippet:-1","max-image-preview":"max-image-preview:large","max-video-preview":"max-video-preview:-1"},"canonical":"https:\/\/womeninalegalworld.com\/en\/sello-women-in-a-legal-event\/","og_locale":"en_US","og_type":"article","og_title":"Sello \u201cWomen in a Legal Event\u201d","og_description":"Compromiso por la visibilidad de la mujer en eventos jur\u00eddicos Como iniciativa englobada dentro de nuestro Manifiesto por la igualdad en el sector legal, Women in a Legal World, WLW, lanza el Sello de compromiso por la visibilidad de la mujer en los eventos jur\u00eddicos, Sello \u201cWomen in a Legal Event\u201d. El Sello tiene como [&hellip;]","og_url":"https:\/\/womeninalegalworld.com\/en\/sello-women-in-a-legal-event\/","og_site_name":"Women in a Legal World","article_modified_time":"2024-12-10T00:10:00+00:00","og_image":[{"width":1253,"height":1174,"url":"https:\/\/womeninalegalworld.com\/wp-content\/uploads\/2020\/02\/Sello-Circular-conferenciantes.png","type":"image\/png"}],"twitter_card":"summary_large_image","twitter_misc":{"Est. reading time":"6 minutes"},"schema":{"@context":"https:\/\/schema.org","@graph":[{"@type":"WebPage","@id":"https:\/\/womeninalegalworld.com\/en\/sello-women-in-a-legal-event\/","url":"https:\/\/womeninalegalworld.com\/en\/sello-women-in-a-legal-event\/","name":"Sello \u201cWomen in a Legal Event\u201d - Women in a Legal World","isPartOf":{"@id":"https:\/\/womeninalegalworld.com\/#website"},"primaryImageOfPage":{"@id":"https:\/\/womeninalegalworld.com\/en\/sello-women-in-a-legal-event\/#primaryimage"},"image":{"@id":"https:\/\/womeninalegalworld.com\/en\/sello-women-in-a-legal-event\/#primaryimage"},"thumbnailUrl":"https:\/\/womeninalegalworld.com\/wp-content\/uploads\/2020\/02\/Sello-Circular-conferenciantes-300x281.png","datePublished":"2020-02-03T15:27:53+00:00","dateModified":"2024-12-10T00:10:00+00:00","breadcrumb":{"@id":"https:\/\/womeninalegalworld.com\/en\/sello-women-in-a-legal-event\/#breadcrumb"},"inLanguage":"en-US","potentialAction":[{"@type":"ReadAction","target":["https:\/\/womeninalegalworld.com\/en\/sello-women-in-a-legal-event\/"]}]},{"@type":"ImageObject","inLanguage":"en-US","@id":"https:\/\/womeninalegalworld.com\/en\/sello-women-in-a-legal-event\/#primaryimage","url":"https:\/\/womeninalegalworld.com\/wp-content\/uploads\/2020\/02\/Sello-Circular-conferenciantes-300x281.png","contentUrl":"https:\/\/womeninalegalworld.com\/wp-content\/uploads\/2020\/02\/Sello-Circular-conferenciantes-300x281.png"},{"@type":"BreadcrumbList","@id":"https:\/\/womeninalegalworld.com\/en\/sello-women-in-a-legal-event\/#breadcrumb","itemListElement":[{"@type":"ListItem","position":1,"name":"Portada","item":"https:\/\/womeninalegalworld.com\/en\/"},{"@type":"ListItem","position":2,"name":"Sello \u201cWomen in a Legal Event\u201d"}]},{"@type":"WebSite","@id":"https:\/\/womeninalegalworld.com\/#website","url":"https:\/\/womeninalegalworld.com\/","name":"Women in a Legal World","description":"Liderazgo femenino en el sector legal","publisher":{"@id":"https:\/\/womeninalegalworld.com\/#organization"},"potentialAction":[{"@type":"SearchAction","target":{"@type":"EntryPoint","urlTemplate":"https:\/\/womeninalegalworld.com\/?s={search_term_string}"},"query-input":{"@type":"PropertyValueSpecification","valueRequired":true,"valueName":"search_term_string"}}],"inLanguage":"en-US"},{"@type":"Organization","@id":"https:\/\/womeninalegalworld.com\/#organization","name":"Women in a Legal World","url":"https:\/\/womeninalegalworld.com\/","logo":{"@type":"ImageObject","inLanguage":"en-US","@id":"https:\/\/womeninalegalworld.com\/#\/schema\/logo\/image\/","url":"https:\/\/womeninalegalworld.com\/wp-content\/uploads\/2024\/04\/PERFIL-WLW.jpg","contentUrl":"https:\/\/womeninalegalworld.com\/wp-content\/uploads\/2024\/04\/PERFIL-WLW.jpg","width":1080,"height":1080,"caption":"Women in a Legal World"},"image":{"@id":"https:\/\/womeninalegalworld.com\/#\/schema\/logo\/image\/"}}]}},"_links":{"self":[{"href":"https:\/\/womeninalegalworld.com\/en\/wp-json\/wp\/v2\/pages\/7323","targetHints":{"allow":["GET"]}}],"collection":[{"href":"https:\/\/womeninalegalworld.com\/en\/wp-json\/wp\/v2\/pages"}],"about":[{"href":"https:\/\/womeninalegalworld.com\/en\/wp-json\/wp\/v2\/types\/page"}],"author":[{"embeddable":true,"href":"https:\/\/womeninalegalworld.com\/en\/wp-json\/wp\/v2\/users\/6"}],"replies":[{"embeddable":true,"href":"https:\/\/womeninalegalworld.com\/en\/wp-json\/wp\/v2\/comments?post=7323"}],"version-history":[{"count":1,"href":"https:\/\/womeninalegalworld.com\/en\/wp-json\/wp\/v2\/pages\/7323\/revisions"}],"predecessor-version":[{"id":7390,"href":"https:\/\/womeninalegalworld.com\/en\/wp-json\/wp\/v2\/pages\/7323\/revisions\/7390"}],"wp:attachment":[{"href":"https:\/\/womeninalegalworld.com\/en\/wp-json\/wp\/v2\/media?parent=7323"}],"curies":[{"name":"wp","href":"https:\/\/api.w.org\/{rel}","templated":true}]}}