{"id":7180,"date":"2024-09-11T09:00:29","date_gmt":"2024-09-11T09:00:29","guid":{"rendered":"https:\/\/womeninalegalworld.com\/blog\/"},"modified":"2024-09-11T09:00:29","modified_gmt":"2024-09-11T09:00:29","slug":"blog","status":"publish","type":"page","link":"https:\/\/womeninalegalworld.com\/en\/blog\/","title":{"rendered":"Blog"},"content":{"rendered":"\t\t<div data-elementor-type=\"wp-page\" data-elementor-id=\"7180\" class=\"elementor elementor-7180 elementor-6574\" data-elementor-post-type=\"page\">\n\t\t\t\t<div class=\"elementor-element elementor-element-4b458a4 e-flex e-con-boxed e-con e-parent\" data-id=\"4b458a4\" data-element_type=\"container\" data-settings=\"{&quot;background_background&quot;:&quot;classic&quot;}\">\n\t\t\t\t\t<div class=\"e-con-inner\">\n\t\t\t\t<div class=\"elementor-element elementor-element-10ce9a0 elementor-widget elementor-widget-heading\" data-id=\"10ce9a0\" data-element_type=\"widget\" data-settings=\"{&quot;ekit_we_effect_on&quot;:&quot;none&quot;}\" data-widget_type=\"heading.default\">\n\t\t\t\t<div class=\"elementor-widget-container\">\n\t\t\t<h1 class=\"elementor-heading-title elementor-size-default\">\u00bfQuieres unirte?<\/h1>\t\t<\/div>\n\t\t\t\t<\/div>\n\t\t\t\t\t<\/div>\n\t\t\t\t<\/div>\n\t\t\t\t<section class=\"elementor-section elementor-top-section elementor-element elementor-element-3725cc65 elementor-section-boxed elementor-section-height-default elementor-section-height-default\" data-id=\"3725cc65\" data-element_type=\"section\" id=\"xs_blog_light_post_img_9\" data-settings=\"{&quot;background_background&quot;:&quot;classic&quot;}\">\n\t\t\t\t\t\t<div class=\"elementor-container elementor-column-gap-default\">\n\t\t\t\t\t<div class=\"elementor-column elementor-col-100 elementor-top-column elementor-element elementor-element-734381ec\" data-id=\"734381ec\" data-element_type=\"column\">\n\t\t\t<div class=\"elementor-widget-wrap elementor-element-populated\">\n\t\t\t\t\t\t<section class=\"elementor-section elementor-inner-section elementor-element elementor-element-1cc2f49c elementor-section-boxed elementor-section-height-default elementor-section-height-default\" data-id=\"1cc2f49c\" data-element_type=\"section\">\n\t\t\t\t\t\t<div class=\"elementor-container elementor-column-gap-default\">\n\t\t\t\t\t<div class=\"elementor-column elementor-col-100 elementor-inner-column elementor-element elementor-element-1db9241b\" data-id=\"1db9241b\" data-element_type=\"column\">\n\t\t\t<div class=\"elementor-widget-wrap elementor-element-populated\">\n\t\t\t\t\t\t<div class=\"elementor-element elementor-element-f82e6b3 elementor-widget elementor-widget-elementskit-blog-posts\" data-id=\"f82e6b3\" data-element_type=\"widget\" data-settings=\"{&quot;ekit_we_effect_on&quot;:&quot;none&quot;}\" data-widget_type=\"elementskit-blog-posts.default\">\n\t\t\t\t<div class=\"elementor-widget-container\">\n\t\t\t<div class=\"ekit-wid-con\" >\n        <div id=\"post-items--f82e6b3\" class=\"row post-items ekit-blog-posts-content wihout-masonry \" data-enable=\"no\">\n\n\t\t\t<!-- Blog Carousel markup render -->\n\t\t\t\n\n            <div class=\"col-lg-4 col-md-6\">\n\n                                    <div class=\"elementskit-post-image-card\">\n                        <div class=\"elementskit-entry-header\">\n                                                            <a href=\"https:\/\/womeninalegalworld.com\/en\/executive-breakfast-at-stairs-dillenbeck-finley-mayer-pllc\/\" class=\"elementskit-entry-thumb\">\n                                    <img decoding=\"async\" src=\"https:\/\/womeninalegalworld.com\/wp-content\/uploads\/2025\/11\/Foto-2.jpg\" alt=\"Executive Breakfast at Stairs Dillenbeck Finley Mayer PLLC\">\n                                <\/a><!-- .elementskit-entry-thumb END -->\n                                                            \n                            \n                                                    <\/div><!-- .elementskit-entry-header END -->\n\n                        <div class=\"elementskit-post-body \">\n                            \t\t\t\t\t\t\t\t\t\t                <h2 class=\"entry-title\">\n                    <a href=\"https:\/\/womeninalegalworld.com\/en\/executive-breakfast-at-stairs-dillenbeck-finley-mayer-pllc\/\">\n                            Executive Breakfast at Stairs Dillenbeck Finley Mayer PLLC                    <\/a>\n                <\/h2>\n                                                        \n                                                                                                                        \n                                        \n                                                                                                                                                                                    <\/div><!-- .elementskit-post-body END -->\n                    <\/div>\n                \n            <\/div>\t\t\t\t\n\n            <div class=\"col-lg-4 col-md-6\">\n\n                                    <div class=\"elementskit-post-image-card\">\n                        <div class=\"elementskit-entry-header\">\n                                                            <a href=\"https:\/\/womeninalegalworld.com\/en\/new-article-inheritance-and-values-how-succession-rules-reflect-the-identity-of-societies\/\" class=\"elementskit-entry-thumb\">\n                                    <img decoding=\"async\" src=\"https:\/\/womeninalegalworld.com\/wp-content\/uploads\/2025\/06\/Imagenes-web.png\" alt=\"New article \u201cInheritance and Values: How Succession Rules Reflect the Identity of Societies\u201d\">\n                                <\/a><!-- .elementskit-entry-thumb END -->\n                                                            \n                            \n                                                    <\/div><!-- .elementskit-entry-header END -->\n\n                        <div class=\"elementskit-post-body \">\n                            \t\t\t\t\t\t\t\t\t\t                <h2 class=\"entry-title\">\n                    <a href=\"https:\/\/womeninalegalworld.com\/en\/new-article-inheritance-and-values-how-succession-rules-reflect-the-identity-of-societies\/\">\n                            New article \u201cInheritance and Values: How Succession Rules Reflect the Identity of Societies\u201d                    <\/a>\n                <\/h2>\n                                                        \n                                                                                                                        \n                                        \n                                                                                                                                                                                    <\/div><!-- .elementskit-post-body END -->\n                    <\/div>\n                \n            <\/div>\t\t\t\t\n\n            <div class=\"col-lg-4 col-md-6\">\n\n                                    <div class=\"elementskit-post-image-card\">\n                        <div class=\"elementskit-entry-header\">\n                                                            <a href=\"https:\/\/womeninalegalworld.com\/en\/premiado-vestalia-abogados-de-familia-el-primer-proyecto-de-la-comision-de-infancia-de-wlw\/\" class=\"elementskit-entry-thumb\">\n                                    <img decoding=\"async\" src=\"https:\/\/womeninalegalworld.com\/wp-content\/uploads\/2024\/12\/WLW-creat-4.png\" alt=\"Awarded Vestalia &#8216;Family Lawyers&#8217;, the first project of the WLW Children&#8217;s Commission.\">\n                                <\/a><!-- .elementskit-entry-thumb END -->\n                                                            \n                            \n                                                    <\/div><!-- .elementskit-entry-header END -->\n\n                        <div class=\"elementskit-post-body \">\n                            \t\t\t\t\t\t\t\t\t\t                <h2 class=\"entry-title\">\n                    <a href=\"https:\/\/womeninalegalworld.com\/en\/premiado-vestalia-abogados-de-familia-el-primer-proyecto-de-la-comision-de-infancia-de-wlw\/\">\n                            Awarded Vestalia &#8216;Family Lawyers&#8217;, the first project of the WLW Children&#8217;s Commission.                    <\/a>\n                <\/h2>\n                                                        \n                                                                                                                        \n                                        \n                                                                                                                                                                                    <\/div><!-- .elementskit-post-body END -->\n                    <\/div>\n                \n            <\/div>\t\t\t\t\n\n            <div class=\"col-lg-4 col-md-6\">\n\n                                    <div class=\"elementskit-post-image-card\">\n                        <div class=\"elementskit-entry-header\">\n                                                            <a href=\"https:\/\/womeninalegalworld.com\/en\/quieres-ser-mentora\/\" class=\"elementskit-entry-thumb\">\n                                    <img decoding=\"async\" src=\"https:\/\/womeninalegalworld.com\/wp-content\/uploads\/2024\/12\/WLW-creat-1.png\" alt=\"Do you want to be a mentor?\">\n                                <\/a><!-- .elementskit-entry-thumb END -->\n                                                            \n                            \n                                                    <\/div><!-- .elementskit-entry-header END -->\n\n                        <div class=\"elementskit-post-body \">\n                            \t\t\t\t\t\t\t\t\t\t                <h2 class=\"entry-title\">\n                    <a href=\"https:\/\/womeninalegalworld.com\/en\/quieres-ser-mentora\/\">\n                            Do you want to be a mentor?                    <\/a>\n                <\/h2>\n                                                        \n                                                                                                                        \n                                        \n                                                                                                                                                                                    <\/div><!-- .elementskit-post-body END -->\n                    <\/div>\n                \n            <\/div>\t\t\t\t\n\n            <div class=\"col-lg-4 col-md-6\">\n\n                                    <div class=\"elementskit-post-image-card\">\n                        <div class=\"elementskit-entry-header\">\n                                                            <a href=\"https:\/\/womeninalegalworld.com\/en\/rethink-legal-galardonado-en-los-legal-marcom-awards-2024-de-gerico-associates\/\" class=\"elementskit-entry-thumb\">\n                                    <img decoding=\"async\" src=\"https:\/\/womeninalegalworld.com\/wp-content\/uploads\/2024\/12\/1-1367x2048.jpg\" alt=\"RETHINK LEGAL awarded at the Legal Marcom Awards 2024 by Geric\u00f3 Associates\">\n                                <\/a><!-- .elementskit-entry-thumb END -->\n                                                            \n                            \n                                                    <\/div><!-- .elementskit-entry-header END -->\n\n                        <div class=\"elementskit-post-body \">\n                            \t\t\t\t\t\t\t\t\t\t                <h2 class=\"entry-title\">\n                    <a href=\"https:\/\/womeninalegalworld.com\/en\/rethink-legal-galardonado-en-los-legal-marcom-awards-2024-de-gerico-associates\/\">\n                            RETHINK LEGAL awarded at the Legal Marcom Awards 2024 by Geric\u00f3 Associates                    <\/a>\n                <\/h2>\n                                                        \n                                                                                                                        \n                                        \n                                                                                                                                                                                    <\/div><!-- .elementskit-post-body END -->\n                    <\/div>\n                \n            <\/div>\t\t\t\t\n\n            <div class=\"col-lg-4 col-md-6\">\n\n                                    <div class=\"elementskit-post-image-card\">\n                        <div class=\"elementskit-entry-header\">\n                                                            <a href=\"https:\/\/womeninalegalworld.com\/en\/nombramiento-de-embajadores-de-la-igualdad-wlw-2024\/\" class=\"elementskit-entry-thumb\">\n                                    <img decoding=\"async\" src=\"https:\/\/womeninalegalworld.com\/wp-content\/uploads\/2024\/11\/AJ59859-2048x1367.jpg\" alt=\"Appointment of WLW Equality Ambassadors 2024\">\n                                <\/a><!-- .elementskit-entry-thumb END -->\n                                                            \n                            \n                                                    <\/div><!-- .elementskit-entry-header END -->\n\n                        <div class=\"elementskit-post-body \">\n                            \t\t\t\t\t\t\t\t\t\t                <h2 class=\"entry-title\">\n                    <a href=\"https:\/\/womeninalegalworld.com\/en\/nombramiento-de-embajadores-de-la-igualdad-wlw-2024\/\">\n                            Appointment of WLW Equality Ambassadors 2024                    <\/a>\n                <\/h2>\n                                                        \n                                                                                                                        \n                                        \n                                                                                                                                                                                    <\/div><!-- .elementskit-post-body END -->\n                    <\/div>\n                \n            <\/div>\t\t\t\t        <\/div>\n        \n        \n        <\/div>\t\t<\/div>\n\t\t\t\t<\/div>\n\t\t\t\t\t<\/div>\n\t\t<\/div>\n\t\t\t\t\t<\/div>\n\t\t<\/section>\n\t\t\t\t\t<\/div>\n\t\t<\/div>\n\t\t\t\t\t<\/div>\n\t\t<\/section>\n\t\t\t\t<\/div>\n\t\t","protected":false},"excerpt":{"rendered":"<p>\u00bfQuieres unirte? Nueva Comisi\u00f3n de Impacto Socio &#8211; econ\u00f3mico Programa de Mentoring WLW WLW sigue con su expansi\u00f3n internacional Presentaci\u00f3n de libro \u00abDe la cultura del litigio a la cultura del acuerdo\u00bb Nueva Comisi\u00f3n de Biometano, Hidr\u00f3geno y E-fuels Cenas de verano: Madrid, Barcelona y Valencia<\/p>\n","protected":false},"author":11,"featured_media":0,"parent":0,"menu_order":0,"comment_status":"closed","ping_status":"closed","template":"elementor_header_footer","meta":{"footnotes":""},"class_list":["post-7180","page","type-page","status-publish","hentry"],"yoast_head":"<!-- This site is optimized with the Yoast SEO Premium plugin v20.8 (Yoast SEO v24.0) - https:\/\/yoast.com\/wordpress\/plugins\/seo\/ -->\n<title>Blog - Women in a Legal World<\/title>\n<meta name=\"robots\" content=\"index, follow, max-snippet:-1, max-image-preview:large, max-video-preview:-1\" \/>\n<link rel=\"canonical\" href=\"https:\/\/womeninalegalworld.com\/blog\/?lang=en\" \/>\n<meta property=\"og:locale\" content=\"en_US\" \/>\n<meta property=\"og:type\" content=\"article\" \/>\n<meta property=\"og:title\" content=\"Blog\" \/>\n<meta property=\"og:description\" content=\"\u00bfQuieres unirte? Nueva Comisi\u00f3n de Impacto Socio &#8211; econ\u00f3mico Programa de Mentoring WLW WLW sigue con su expansi\u00f3n internacional Presentaci\u00f3n de libro \u00abDe la cultura del litigio a la cultura del acuerdo\u00bb Nueva Comisi\u00f3n de Biometano, Hidr\u00f3geno y E-fuels Cenas de verano: Madrid, Barcelona y Valencia\" \/>\n<meta property=\"og:url\" content=\"https:\/\/womeninalegalworld.com\/blog\/?lang=en\" \/>\n<meta property=\"og:site_name\" content=\"Women in a Legal World\" \/>\n<meta property=\"og:image\" content=\"https:\/\/womeninalegalworld.com\/wp-content\/uploads\/2024\/09\/wlw6.png\" \/>\n<meta name=\"twitter:card\" content=\"summary_large_image\" \/>\n<script type=\"application\/ld+json\" class=\"yoast-schema-graph\">{\"@context\":\"https:\/\/schema.org\",\"@graph\":[{\"@type\":\"WebPage\",\"@id\":\"https:\/\/womeninalegalworld.com\/blog\/?lang=en\",\"url\":\"https:\/\/womeninalegalworld.com\/blog\/?lang=en\",\"name\":\"Blog - Women in a Legal World\",\"isPartOf\":{\"@id\":\"https:\/\/womeninalegalworld.com\/#website\"},\"primaryImageOfPage\":{\"@id\":\"https:\/\/womeninalegalworld.com\/blog\/?lang=en#primaryimage\"},\"image\":{\"@id\":\"https:\/\/womeninalegalworld.com\/blog\/?lang=en#primaryimage\"},\"thumbnailUrl\":\"https:\/\/womeninalegalworld.com\/wp-content\/uploads\/2024\/09\/wlw6.png\",\"datePublished\":\"2024-09-11T09:00:29+00:00\",\"dateModified\":\"2024-09-11T09:00:29+00:00\",\"breadcrumb\":{\"@id\":\"https:\/\/womeninalegalworld.com\/blog\/?lang=en#breadcrumb\"},\"inLanguage\":\"en-US\",\"potentialAction\":[{\"@type\":\"ReadAction\",\"target\":[\"https:\/\/womeninalegalworld.com\/blog\/?lang=en\"]}]},{\"@type\":\"ImageObject\",\"inLanguage\":\"en-US\",\"@id\":\"https:\/\/womeninalegalworld.com\/blog\/?lang=en#primaryimage\",\"url\":\"https:\/\/womeninalegalworld.com\/wp-content\/uploads\/2024\/09\/wlw6.png\",\"contentUrl\":\"https:\/\/womeninalegalworld.com\/wp-content\/uploads\/2024\/09\/wlw6.png\"},{\"@type\":\"BreadcrumbList\",\"@id\":\"https:\/\/womeninalegalworld.com\/blog\/?lang=en#breadcrumb\",\"itemListElement\":[{\"@type\":\"ListItem\",\"position\":1,\"name\":\"Portada\",\"item\":\"https:\/\/womeninalegalworld.com\/en\/\"},{\"@type\":\"ListItem\",\"position\":2,\"name\":\"Blog\"}]},{\"@type\":\"WebSite\",\"@id\":\"https:\/\/womeninalegalworld.com\/#website\",\"url\":\"https:\/\/womeninalegalworld.com\/\",\"name\":\"Women in a Legal World\",\"description\":\"Liderazgo femenino en el sector legal\",\"publisher\":{\"@id\":\"https:\/\/womeninalegalworld.com\/#organization\"},\"potentialAction\":[{\"@type\":\"SearchAction\",\"target\":{\"@type\":\"EntryPoint\",\"urlTemplate\":\"https:\/\/womeninalegalworld.com\/?s={search_term_string}\"},\"query-input\":{\"@type\":\"PropertyValueSpecification\",\"valueRequired\":true,\"valueName\":\"search_term_string\"}}],\"inLanguage\":\"en-US\"},{\"@type\":\"Organization\",\"@id\":\"https:\/\/womeninalegalworld.com\/#organization\",\"name\":\"Women in a Legal World\",\"url\":\"https:\/\/womeninalegalworld.com\/\",\"logo\":{\"@type\":\"ImageObject\",\"inLanguage\":\"en-US\",\"@id\":\"https:\/\/womeninalegalworld.com\/#\/schema\/logo\/image\/\",\"url\":\"https:\/\/womeninalegalworld.com\/wp-content\/uploads\/2024\/04\/PERFIL-WLW.jpg\",\"contentUrl\":\"https:\/\/womeninalegalworld.com\/wp-content\/uploads\/2024\/04\/PERFIL-WLW.jpg\",\"width\":1080,\"height\":1080,\"caption\":\"Women in a Legal World\"},\"image\":{\"@id\":\"https:\/\/womeninalegalworld.com\/#\/schema\/logo\/image\/\"}}]}<\/script>\n<!-- \/ Yoast SEO Premium plugin. -->","yoast_head_json":{"title":"Blog - Women in a Legal World","robots":{"index":"index","follow":"follow","max-snippet":"max-snippet:-1","max-image-preview":"max-image-preview:large","max-video-preview":"max-video-preview:-1"},"canonical":"https:\/\/womeninalegalworld.com\/blog\/?lang=en","og_locale":"en_US","og_type":"article","og_title":"Blog","og_description":"\u00bfQuieres unirte? Nueva Comisi\u00f3n de Impacto Socio &#8211; econ\u00f3mico Programa de Mentoring WLW WLW sigue con su expansi\u00f3n internacional Presentaci\u00f3n de libro \u00abDe la cultura del litigio a la cultura del acuerdo\u00bb Nueva Comisi\u00f3n de Biometano, Hidr\u00f3geno y E-fuels Cenas de verano: Madrid, Barcelona y Valencia","og_url":"https:\/\/womeninalegalworld.com\/blog\/?lang=en","og_site_name":"Women in a Legal World","og_image":[{"url":"https:\/\/womeninalegalworld.com\/wp-content\/uploads\/2024\/09\/wlw6.png","type":"","width":"","height":""}],"twitter_card":"summary_large_image","schema":{"@context":"https:\/\/schema.org","@graph":[{"@type":"WebPage","@id":"https:\/\/womeninalegalworld.com\/blog\/?lang=en","url":"https:\/\/womeninalegalworld.com\/blog\/?lang=en","name":"Blog - Women in a Legal World","isPartOf":{"@id":"https:\/\/womeninalegalworld.com\/#website"},"primaryImageOfPage":{"@id":"https:\/\/womeninalegalworld.com\/blog\/?lang=en#primaryimage"},"image":{"@id":"https:\/\/womeninalegalworld.com\/blog\/?lang=en#primaryimage"},"thumbnailUrl":"https:\/\/womeninalegalworld.com\/wp-content\/uploads\/2024\/09\/wlw6.png","datePublished":"2024-09-11T09:00:29+00:00","dateModified":"2024-09-11T09:00:29+00:00","breadcrumb":{"@id":"https:\/\/womeninalegalworld.com\/blog\/?lang=en#breadcrumb"},"inLanguage":"en-US","potentialAction":[{"@type":"ReadAction","target":["https:\/\/womeninalegalworld.com\/blog\/?lang=en"]}]},{"@type":"ImageObject","inLanguage":"en-US","@id":"https:\/\/womeninalegalworld.com\/blog\/?lang=en#primaryimage","url":"https:\/\/womeninalegalworld.com\/wp-content\/uploads\/2024\/09\/wlw6.png","contentUrl":"https:\/\/womeninalegalworld.com\/wp-content\/uploads\/2024\/09\/wlw6.png"},{"@type":"BreadcrumbList","@id":"https:\/\/womeninalegalworld.com\/blog\/?lang=en#breadcrumb","itemListElement":[{"@type":"ListItem","position":1,"name":"Portada","item":"https:\/\/womeninalegalworld.com\/en\/"},{"@type":"ListItem","position":2,"name":"Blog"}]},{"@type":"WebSite","@id":"https:\/\/womeninalegalworld.com\/#website","url":"https:\/\/womeninalegalworld.com\/","name":"Women in a Legal World","description":"Liderazgo femenino en el sector legal","publisher":{"@id":"https:\/\/womeninalegalworld.com\/#organization"},"potentialAction":[{"@type":"SearchAction","target":{"@type":"EntryPoint","urlTemplate":"https:\/\/womeninalegalworld.com\/?s={search_term_string}"},"query-input":{"@type":"PropertyValueSpecification","valueRequired":true,"valueName":"search_term_string"}}],"inLanguage":"en-US"},{"@type":"Organization","@id":"https:\/\/womeninalegalworld.com\/#organization","name":"Women in a Legal World","url":"https:\/\/womeninalegalworld.com\/","logo":{"@type":"ImageObject","inLanguage":"en-US","@id":"https:\/\/womeninalegalworld.com\/#\/schema\/logo\/image\/","url":"https:\/\/womeninalegalworld.com\/wp-content\/uploads\/2024\/04\/PERFIL-WLW.jpg","contentUrl":"https:\/\/womeninalegalworld.com\/wp-content\/uploads\/2024\/04\/PERFIL-WLW.jpg","width":1080,"height":1080,"caption":"Women in a Legal World"},"image":{"@id":"https:\/\/womeninalegalworld.com\/#\/schema\/logo\/image\/"}}]}},"_links":{"self":[{"href":"https:\/\/womeninalegalworld.com\/en\/wp-json\/wp\/v2\/pages\/7180","targetHints":{"allow":["GET"]}}],"collection":[{"href":"https:\/\/womeninalegalworld.com\/en\/wp-json\/wp\/v2\/pages"}],"about":[{"href":"https:\/\/womeninalegalworld.com\/en\/wp-json\/wp\/v2\/types\/page"}],"author":[{"embeddable":true,"href":"https:\/\/womeninalegalworld.com\/en\/wp-json\/wp\/v2\/users\/11"}],"replies":[{"embeddable":true,"href":"https:\/\/womeninalegalworld.com\/en\/wp-json\/wp\/v2\/comments?post=7180"}],"version-history":[{"count":0,"href":"https:\/\/womeninalegalworld.com\/en\/wp-json\/wp\/v2\/pages\/7180\/revisions"}],"wp:attachment":[{"href":"https:\/\/womeninalegalworld.com\/en\/wp-json\/wp\/v2\/media?parent=7180"}],"curies":[{"name":"wp","href":"https:\/\/api.w.org\/{rel}","templated":true}]}}